{"id":842,"date":"2018-05-26T02:11:49","date_gmt":"2018-05-26T00:11:49","guid":{"rendered":"http:\/\/www.loblied-und-abgesang.de\/?page_id=842"},"modified":"2019-05-28T19:50:24","modified_gmt":"2019-05-28T17:50:24","slug":"der-veranstalter","status":"publish","type":"page","link":"https:\/\/www.loblied-und-abgesang.de\/index.php\/der-veranstalter\/","title":{"rendered":"Der Veranstalter"},"content":{"rendered":"\t\t<div data-elementor-type=\"wp-post\" data-elementor-id=\"842\" class=\"elementor elementor-842\">\n\t\t\t\t\t\t<section class=\"elementor-section elementor-top-section elementor-element elementor-element-d7271b1 elementor-section-boxed elementor-section-height-default elementor-section-height-default\" data-id=\"d7271b1\" data-element_type=\"section\">\n\t\t\t\t\t\t<div class=\"elementor-container elementor-column-gap-default\">\n\t\t\t\t\t<div class=\"elementor-column elementor-col-33 elementor-top-column elementor-element elementor-element-040a68a\" data-id=\"040a68a\" data-element_type=\"column\">\n\t\t\t<div class=\"elementor-widget-wrap\">\n\t\t\t\t\t\t\t<\/div>\n\t\t<\/div>\n\t\t\t\t<div class=\"elementor-column elementor-col-33 elementor-top-column elementor-element elementor-element-b641da7\" data-id=\"b641da7\" data-element_type=\"column\">\n\t\t\t<div class=\"elementor-widget-wrap elementor-element-populated\">\n\t\t\t\t\t\t<div class=\"elementor-element elementor-element-0405561 elementor-widget elementor-widget-html\" data-id=\"0405561\" data-element_type=\"widget\" data-widget_type=\"html.default\">\n\t\t\t\t<div class=\"elementor-widget-container\">\n\t\t\t\t\t  <div class=\"ebene-2-navi-link\"><a href=\"http:\/\/www.loblied-und-abgesang.de\">Herzlich Willkommen!<\/a><\/div>\n\n\t\t\t\t<\/div>\n\t\t\t\t<\/div>\n\t\t\t\t\t<\/div>\n\t\t<\/div>\n\t\t\t\t<div class=\"elementor-column elementor-col-33 elementor-top-column elementor-element elementor-element-0a1f1c8\" data-id=\"0a1f1c8\" data-element_type=\"column\">\n\t\t\t<div class=\"elementor-widget-wrap\">\n\t\t\t\t\t\t\t<\/div>\n\t\t<\/div>\n\t\t\t\t\t<\/div>\n\t\t<\/section>\n\t\t\t\t<section class=\"elementor-section elementor-top-section elementor-element elementor-element-6d989de elementor-section-boxed elementor-section-height-default elementor-section-height-default\" data-id=\"6d989de\" data-element_type=\"section\">\n\t\t\t\t\t\t<div class=\"elementor-container elementor-column-gap-default\">\n\t\t\t\t\t<div class=\"elementor-column elementor-col-100 elementor-top-column elementor-element elementor-element-a7783b4\" data-id=\"a7783b4\" data-element_type=\"column\">\n\t\t\t<div class=\"elementor-widget-wrap elementor-element-populated\">\n\t\t\t\t\t\t<div class=\"elementor-element elementor-element-35bb202 elementor-widget elementor-widget-html\" data-id=\"35bb202\" data-element_type=\"widget\" data-widget_type=\"html.default\">\n\t\t\t\t<div class=\"elementor-widget-container\">\n\t\t\t\t\t  <div class=\"ebene-2-titel\"><a href=\"http:\/\/www.loblied-und-abgesang.de\/index.php\/menue\/\">Der Veranstalter<\/a><\/div>\t\t\t\t<\/div>\n\t\t\t\t<\/div>\n\t\t\t\t\t<\/div>\n\t\t<\/div>\n\t\t\t\t\t<\/div>\n\t\t<\/section>\n\t\t\t\t<section class=\"elementor-section elementor-top-section elementor-element elementor-element-27c6e37 elementor-section-boxed elementor-section-height-default elementor-section-height-default\" data-id=\"27c6e37\" data-element_type=\"section\">\n\t\t\t\t\t\t<div class=\"elementor-container elementor-column-gap-default\">\n\t\t\t\t\t<div class=\"elementor-column elementor-col-100 elementor-top-column elementor-element elementor-element-0315c2e\" data-id=\"0315c2e\" data-element_type=\"column\">\n\t\t\t<div class=\"elementor-widget-wrap elementor-element-populated\">\n\t\t\t\t\t\t<div class=\"elementor-element elementor-element-125da12 elementor-widget elementor-widget-text-editor\" data-id=\"125da12\" data-element_type=\"widget\" data-widget_type=\"text-editor.default\">\n\t\t\t\t<div class=\"elementor-widget-container\">\n\t\t\t\t\t\t\t\t\t<h2>Der Veranstalter<\/h2>\t\t\t\t\t\t\t\t<\/div>\n\t\t\t\t<\/div>\n\t\t\t\t\t<\/div>\n\t\t<\/div>\n\t\t\t\t\t<\/div>\n\t\t<\/section>\n\t\t\t\t<section class=\"elementor-section elementor-top-section elementor-element elementor-element-1348597 elementor-section-boxed elementor-section-height-default elementor-section-height-default\" data-id=\"1348597\" data-element_type=\"section\">\n\t\t\t\t\t\t<div class=\"elementor-container elementor-column-gap-default\">\n\t\t\t\t\t<div class=\"elementor-column elementor-col-50 elementor-top-column elementor-element elementor-element-0b4c2e9\" data-id=\"0b4c2e9\" data-element_type=\"column\">\n\t\t\t<div class=\"elementor-widget-wrap elementor-element-populated\">\n\t\t\t\t\t\t<div class=\"elementor-element elementor-element-3dbb1a5 elementor-widget elementor-widget-text-editor\" data-id=\"3dbb1a5\" data-element_type=\"widget\" data-widget_type=\"text-editor.default\">\n\t\t\t\t<div class=\"elementor-widget-container\">\n\t\t\t\t\t\t\t\t\t<p>Der F\u00f6rderverein Humanistenst\u00e4tte Engelsburg e.V. besteht seit 1994 und hatte zun\u00e4chst das satzungsgem\u00e4\u00dfe Ziel \u2013 F\u00f6rderung der Denkmalpflege: Mitwirkung bei der Erhaltung der Bau-substanz des denkmalgesch\u00fctzten Objektes \u201eHumanistenst\u00e4tte Engelsburg\u201c.<br \/>Nach der Sanierung des Denkmals Engelsburg (Abschluss 2001) r\u00fcckte die inhaltliche Besch\u00e4ftigung mit der Geschichte der Humanisten um Eobanus Hessus in den Vordergrund.<\/p><p>Organisiert wurden zahlreiche Vortr\u00e4ge zu diesem Komplex, einschlie\u00dflich des geschichtlichen Zusammenhanges zwischen den Humanisten und Martin Luther.<\/p><p>Auch im Jahr \u201eReformation geht weiter &#8211; 500 Jahre Luther\u201c m\u00f6chte der \u201eF\u00f6rderverein Humanistenst\u00e4tte Engelsburg\u201c auf die Bedeutung der Reformation aufmerksam machen.<\/p><p>Durch die enge Zusammenarbeit von Komponist, Historikern, Schriftstellern und einzelnen Musikern ist es gelungen, ein \u00fcberw\u00e4ltigendes Werk zu schaffen.<\/p><p>\u00a0<\/p><p>Anschrift:<\/p><p>F\u00f6rderverein Humanistenst\u00e4tte Engelsburg e. V.<br \/>Allerheiligenstra\u00dfe 20\/21, 99084 Erfurt<br \/>Tel.: 0151 &#8211; 55498982<br \/>E-Mail: <a href=\"mailto:post@humanistenstaette.de\">post@humanistenstaette.de<\/a><\/p>\t\t\t\t\t\t\t\t<\/div>\n\t\t\t\t<\/div>\n\t\t\t\t\t<\/div>\n\t\t<\/div>\n\t\t\t\t<div class=\"elementor-column elementor-col-50 elementor-top-column elementor-element elementor-element-f4288cf\" data-id=\"f4288cf\" data-element_type=\"column\">\n\t\t\t<div class=\"elementor-widget-wrap elementor-element-populated\">\n\t\t\t\t\t\t<div class=\"elementor-element elementor-element-766ed19 elementor-widget elementor-widget-image\" data-id=\"766ed19\" data-element_type=\"widget\" data-widget_type=\"image.default\">\n\t\t\t\t<div class=\"elementor-widget-container\">\n\t\t\t\t\t\t\t\t\t\t\t\t\t\t\t<img fetchpriority=\"high\" decoding=\"async\" width=\"400\" height=\"400\" src=\"https:\/\/www.loblied-und-abgesang.de\/wp-content\/uploads\/2018\/05\/humanisten-ev.jpg\" class=\"attachment-full size-full wp-image-843\" alt=\"\" srcset=\"https:\/\/www.loblied-und-abgesang.de\/wp-content\/uploads\/2018\/05\/humanisten-ev.jpg 400w, https:\/\/www.loblied-und-abgesang.de\/wp-content\/uploads\/2018\/05\/humanisten-ev-150x150.jpg 150w, https:\/\/www.loblied-und-abgesang.de\/wp-content\/uploads\/2018\/05\/humanisten-ev-300x300.jpg 300w, https:\/\/www.loblied-und-abgesang.de\/wp-content\/uploads\/2018\/05\/humanisten-ev-230x230.jpg 230w, https:\/\/www.loblied-und-abgesang.de\/wp-content\/uploads\/2018\/05\/humanisten-ev-350x350.jpg 350w\" sizes=\"(max-width: 400px) 100vw, 400px\" \/>\t\t\t\t\t\t\t\t\t\t\t\t\t\t\t<\/div>\n\t\t\t\t<\/div>\n\t\t\t\t\t<\/div>\n\t\t<\/div>\n\t\t\t\t\t<\/div>\n\t\t<\/section>\n\t\t\t\t<section class=\"elementor-section elementor-top-section elementor-element elementor-element-43d2e83 elementor-section-boxed elementor-section-height-default elementor-section-height-default\" data-id=\"43d2e83\" data-element_type=\"section\">\n\t\t\t\t\t\t<div class=\"elementor-container elementor-column-gap-default\">\n\t\t\t\t\t<div class=\"elementor-column elementor-col-100 elementor-top-column elementor-element elementor-element-fed9d1e\" data-id=\"fed9d1e\" data-element_type=\"column\">\n\t\t\t<div class=\"elementor-widget-wrap elementor-element-populated\">\n\t\t\t\t\t\t<div class=\"elementor-element elementor-element-a3a86db elementor-widget elementor-widget-spacer\" data-id=\"a3a86db\" data-element_type=\"widget\" data-widget_type=\"spacer.default\">\n\t\t\t\t<div class=\"elementor-widget-container\">\n\t\t\t\t\t\t\t<div class=\"elementor-spacer\">\n\t\t\t<div class=\"elementor-spacer-inner\"><\/div>\n\t\t<\/div>\n\t\t\t\t\t\t<\/div>\n\t\t\t\t<\/div>\n\t\t\t\t\t<\/div>\n\t\t<\/div>\n\t\t\t\t\t<\/div>\n\t\t<\/section>\n\t\t\t\t<section class=\"elementor-section elementor-top-section elementor-element elementor-element-1c0684e elementor-section-boxed elementor-section-height-default elementor-section-height-default\" data-id=\"1c0684e\" data-element_type=\"section\">\n\t\t\t\t\t\t<div class=\"elementor-container elementor-column-gap-default\">\n\t\t\t\t\t<div class=\"elementor-column elementor-col-33 elementor-top-column elementor-element elementor-element-1886a1e\" data-id=\"1886a1e\" data-element_type=\"column\">\n\t\t\t<div class=\"elementor-widget-wrap\">\n\t\t\t\t\t\t\t<\/div>\n\t\t<\/div>\n\t\t\t\t<div class=\"elementor-column elementor-col-33 elementor-top-column elementor-element elementor-element-78ebdd2\" data-id=\"78ebdd2\" data-element_type=\"column\">\n\t\t\t<div class=\"elementor-widget-wrap elementor-element-populated\">\n\t\t\t\t\t\t<div class=\"elementor-element elementor-element-024e906 elementor-widget elementor-widget-html\" data-id=\"024e906\" data-element_type=\"widget\" data-widget_type=\"html.default\">\n\t\t\t\t<div class=\"elementor-widget-container\">\n\t\t\t\t\t  <div class=\"ebene-2-navi-link\"><a href=\"https:\/\/www.loblied-und-abgesang.de\/index.php\/das-projekt\/\">Das Projekt<\/a><\/div>\n\n\t\t\t\t<\/div>\n\t\t\t\t<\/div>\n\t\t\t\t<div class=\"elementor-element elementor-element-70c21ed elementor-widget elementor-widget-html\" data-id=\"70c21ed\" data-element_type=\"widget\" data-widget_type=\"html.default\">\n\t\t\t\t<div class=\"elementor-widget-container\">\n\t\t\t\t\t<div class=\"ebene-2-navi-link\"><a href=\"http:\/\/www.loblied-und-abgesang.de\/index.php\/die-schirmherrin\/\">\n    Die Schirmherrin\n<\/a><\/div>\n\n\t\t\t\t<\/div>\n\t\t\t\t<\/div>\n\t\t\t\t<div class=\"elementor-element elementor-element-32d8837 elementor-widget elementor-widget-html\" data-id=\"32d8837\" data-element_type=\"widget\" data-widget_type=\"html.default\">\n\t\t\t\t<div class=\"elementor-widget-container\">\n\t\t\t\t\t<div class=\"ebene-2-navi-link\"><a href=\"http:\/\/www.loblied-und-abgesang.de\/index.php\/das-werk\/\">\n  Das Werk\n<\/a><\/div>\n\n\n\t\t\t\t<\/div>\n\t\t\t\t<\/div>\n\t\t\t\t<div class=\"elementor-element elementor-element-7b70b0e elementor-widget elementor-widget-html\" data-id=\"7b70b0e\" data-element_type=\"widget\" data-widget_type=\"html.default\">\n\t\t\t\t<div class=\"elementor-widget-container\">\n\t\t\t\t\t<div class=\"ebene-2-navi-link\"><a href=\"http:\/\/www.loblied-und-abgesang.de\/index.php\/der-komponist\/\">\n  Der Komponist\n<\/a><\/div>\n\n\t\t\t\t<\/div>\n\t\t\t\t<\/div>\n\t\t\t\t<div class=\"elementor-element elementor-element-b1f3824 elementor-widget elementor-widget-html\" data-id=\"b1f3824\" data-element_type=\"widget\" data-widget_type=\"html.default\">\n\t\t\t\t<div class=\"elementor-widget-container\">\n\t\t\t\t\t<div class=\"ebene-2-navi-link\"><a href=\"http:\/\/www.loblied-und-abgesang.de\/index.php\/die-texter\/\">\n  Die Texter\n<\/a><\/div>\n\n\t\t\t\t<\/div>\n\t\t\t\t<\/div>\n\t\t\t\t<div class=\"elementor-element elementor-element-a901945 elementor-widget elementor-widget-html\" data-id=\"a901945\" data-element_type=\"widget\" data-widget_type=\"html.default\">\n\t\t\t\t<div class=\"elementor-widget-container\">\n\t\t\t\t\t<div class=\"ebene-2-navi-link\"><a href=\"http:\/\/www.loblied-und-abgesang.de\/index.php\/musikalische-gesamtleitung\/\">\n  Musikalische Leitung\n<\/a><\/div>\n\n\t\t\t\t<\/div>\n\t\t\t\t<\/div>\n\t\t\t\t<div class=\"elementor-element elementor-element-1a8c504 elementor-widget elementor-widget-html\" data-id=\"1a8c504\" data-element_type=\"widget\" data-widget_type=\"html.default\">\n\t\t\t\t<div class=\"elementor-widget-container\">\n\t\t\t\t\t<div class=\"ebene-2-navi-link\"><a href=\"http:\/\/www.loblied-und-abgesang.de\/index.php\/der-chor\/\">\n  Der Chor\n<\/a><\/div>\n\t\t\t\t<\/div>\n\t\t\t\t<\/div>\n\t\t\t\t<div class=\"elementor-element elementor-element-a054491 elementor-widget elementor-widget-html\" data-id=\"a054491\" data-element_type=\"widget\" data-widget_type=\"html.default\">\n\t\t\t\t<div class=\"elementor-widget-container\">\n\t\t\t\t\t<div class=\"ebene-2-navi-link\"><a href=\"http:\/\/www.loblied-und-abgesang.de\/index.php\/das-orchester\/\">\n  Das Orchester\n<\/a><\/div>\n\n\t\t\t\t<\/div>\n\t\t\t\t<\/div>\n\t\t\t\t<div class=\"elementor-element elementor-element-a5cf4ee elementor-widget elementor-widget-html\" data-id=\"a5cf4ee\" data-element_type=\"widget\" data-widget_type=\"html.default\">\n\t\t\t\t<div class=\"elementor-widget-container\">\n\t\t\t\t\t<div class=\"ebene-2-navi-link\"><a href=\"http:\/\/www.loblied-und-abgesang.de\/index.php\/die-solisten\/\">\n  Die Solisten\n<\/a><\/div>\n\n\t\t\t\t<\/div>\n\t\t\t\t<\/div>\n\t\t\t\t<div class=\"elementor-element elementor-element-91544e2 elementor-widget elementor-widget-html\" data-id=\"91544e2\" data-element_type=\"widget\" data-widget_type=\"html.default\">\n\t\t\t\t<div class=\"elementor-widget-container\">\n\t\t\t\t\t<div class=\"ebene-2-navi-link\"><a href=\"http:\/\/www.loblied-und-abgesang.de\/index.php\/der-veranstaltungsort\/\">\n  Der Veranstaltungsort\n<\/a><\/div>\n\n\t\t\t\t<\/div>\n\t\t\t\t<\/div>\n\t\t\t\t<div class=\"elementor-element elementor-element-c8b00f7 elementor-widget elementor-widget-html\" data-id=\"c8b00f7\" data-element_type=\"widget\" data-widget_type=\"html.default\">\n\t\t\t\t<div class=\"elementor-widget-container\">\n\t\t\t\t\t<div class=\"ebene-2-navi-link\"><a href=\"https:\/\/www.loblied-und-abgesang.de\/index.php\/das-werk-auf-cd\/\">\n  Das Werk auf CD\n<\/a><\/div>\n\n\t\t\t\t<\/div>\n\t\t\t\t<\/div>\n\t\t\t\t\t<\/div>\n\t\t<\/div>\n\t\t\t\t<div class=\"elementor-column elementor-col-33 elementor-top-column elementor-element elementor-element-951fabd\" data-id=\"951fabd\" data-element_type=\"column\">\n\t\t\t<div class=\"elementor-widget-wrap\">\n\t\t\t\t\t\t\t<\/div>\n\t\t<\/div>\n\t\t\t\t\t<\/div>\n\t\t<\/section>\n\t\t\t\t<section class=\"elementor-section elementor-top-section elementor-element elementor-element-2c2d130 elementor-section-boxed elementor-section-height-default elementor-section-height-default\" data-id=\"2c2d130\" data-element_type=\"section\">\n\t\t\t\t\t\t<div class=\"elementor-container elementor-column-gap-default\">\n\t\t\t\t\t<div class=\"elementor-column elementor-col-100 elementor-top-column elementor-element elementor-element-f022e79\" data-id=\"f022e79\" data-element_type=\"column\">\n\t\t\t<div class=\"elementor-widget-wrap elementor-element-populated\">\n\t\t\t\t\t\t<div class=\"elementor-element elementor-element-3d0a5de elementor-widget elementor-widget-spacer\" data-id=\"3d0a5de\" data-element_type=\"widget\" data-widget_type=\"spacer.default\">\n\t\t\t\t<div class=\"elementor-widget-container\">\n\t\t\t\t\t\t\t<div class=\"elementor-spacer\">\n\t\t\t<div class=\"elementor-spacer-inner\"><\/div>\n\t\t<\/div>\n\t\t\t\t\t\t<\/div>\n\t\t\t\t<\/div>\n\t\t\t\t\t<\/div>\n\t\t<\/div>\n\t\t\t\t\t<\/div>\n\t\t<\/section>\n\t\t\t\t<section class=\"elementor-section elementor-top-section elementor-element elementor-element-d8907b2 elementor-section-boxed elementor-section-height-default elementor-section-height-default\" data-id=\"d8907b2\" data-element_type=\"section\">\n\t\t\t\t\t\t<div class=\"elementor-container elementor-column-gap-default\">\n\t\t\t\t\t<div class=\"elementor-column elementor-col-25 elementor-top-column elementor-element elementor-element-5726b6e\" data-id=\"5726b6e\" data-element_type=\"column\" data-settings=\"{&quot;background_background&quot;:&quot;classic&quot;}\">\n\t\t\t<div class=\"elementor-widget-wrap elementor-element-populated\">\n\t\t\t\t\t\t<div class=\"elementor-element elementor-element-0eb2c87 elementor-widget elementor-widget-image\" data-id=\"0eb2c87\" data-element_type=\"widget\" data-widget_type=\"image.default\">\n\t\t\t\t<div class=\"elementor-widget-container\">\n\t\t\t\t\t\t\t\t\t\t\t\t\t\t\t\t<a href=\"https:\/\/www.thueringen.de\/th5\/tfm\/\">\n\t\t\t\t\t\t\t<img decoding=\"async\" src=\"https:\/\/www.loblied-und-abgesang.de\/wp-content\/uploads\/2018\/05\/logo-freistaat-1.png\" title=\"logo-freistaat\" alt=\"logo-freistaat\" loading=\"lazy\" \/>\t\t\t\t\t\t\t\t<\/a>\n\t\t\t\t\t\t\t\t\t\t\t\t\t\t\t<\/div>\n\t\t\t\t<\/div>\n\t\t\t\t\t<\/div>\n\t\t<\/div>\n\t\t\t\t<div class=\"elementor-column elementor-col-25 elementor-top-column elementor-element elementor-element-4561f8f\" data-id=\"4561f8f\" data-element_type=\"column\" data-settings=\"{&quot;background_background&quot;:&quot;classic&quot;}\">\n\t\t\t<div class=\"elementor-widget-wrap elementor-element-populated\">\n\t\t\t\t\t\t<div class=\"elementor-element elementor-element-6fdf7b9 elementor-widget elementor-widget-image\" data-id=\"6fdf7b9\" data-element_type=\"widget\" data-widget_type=\"image.default\">\n\t\t\t\t<div class=\"elementor-widget-container\">\n\t\t\t\t\t\t\t\t\t\t\t\t\t\t\t\t<a href=\"https:\/\/www.erfurt.de\/\">\n\t\t\t\t\t\t\t<img decoding=\"async\" src=\"https:\/\/www.loblied-und-abgesang.de\/wp-content\/uploads\/2018\/05\/logo-erfurt-1.png\" title=\"logo-erfurt\" alt=\"logo-erfurt\" loading=\"lazy\" \/>\t\t\t\t\t\t\t\t<\/a>\n\t\t\t\t\t\t\t\t\t\t\t\t\t\t\t<\/div>\n\t\t\t\t<\/div>\n\t\t\t\t\t<\/div>\n\t\t<\/div>\n\t\t\t\t<div class=\"elementor-column elementor-col-25 elementor-top-column elementor-element elementor-element-d21af5c\" data-id=\"d21af5c\" data-element_type=\"column\" data-settings=\"{&quot;background_background&quot;:&quot;classic&quot;}\">\n\t\t\t<div class=\"elementor-widget-wrap elementor-element-populated\">\n\t\t\t\t\t\t<div class=\"elementor-element elementor-element-12116a6 elementor-widget elementor-widget-image\" data-id=\"12116a6\" data-element_type=\"widget\" data-widget_type=\"image.default\">\n\t\t\t\t<div class=\"elementor-widget-container\">\n\t\t\t\t\t\t\t\t\t\t\t\t\t\t\t\t<a href=\"https:\/\/www.sparkassenstiftung-erfurt.de\/\">\n\t\t\t\t\t\t\t<img decoding=\"async\" src=\"https:\/\/www.loblied-und-abgesang.de\/wp-content\/uploads\/2018\/05\/logo-sparkassenstiftung-1.png\" title=\"logo-sparkassenstiftung\" alt=\"logo-sparkassenstiftung\" loading=\"lazy\" \/>\t\t\t\t\t\t\t\t<\/a>\n\t\t\t\t\t\t\t\t\t\t\t\t\t\t\t<\/div>\n\t\t\t\t<\/div>\n\t\t\t\t\t<\/div>\n\t\t<\/div>\n\t\t\t\t<div class=\"elementor-column elementor-col-25 elementor-top-column elementor-element elementor-element-847e9f9\" data-id=\"847e9f9\" data-element_type=\"column\" data-settings=\"{&quot;background_background&quot;:&quot;classic&quot;}\">\n\t\t\t<div class=\"elementor-widget-wrap elementor-element-populated\">\n\t\t\t\t\t\t<div class=\"elementor-element elementor-element-9ca1af6 elementor-widget elementor-widget-image\" data-id=\"9ca1af6\" data-element_type=\"widget\" data-widget_type=\"image.default\">\n\t\t\t\t<div class=\"elementor-widget-container\">\n\t\t\t\t\t\t\t\t\t\t\t\t\t\t\t\t<a href=\"https:\/\/www.thueringen-entdecken.de\/\">\n\t\t\t\t\t\t\t<img decoding=\"async\" src=\"https:\/\/www.loblied-und-abgesang.de\/wp-content\/uploads\/2018\/05\/logo-thueringen-entdecken.png\" title=\"logo-thueringen-entdecken\" alt=\"logo-thueringen-entdecken\" loading=\"lazy\" \/>\t\t\t\t\t\t\t\t<\/a>\n\t\t\t\t\t\t\t\t\t\t\t\t\t\t\t<\/div>\n\t\t\t\t<\/div>\n\t\t\t\t\t<\/div>\n\t\t<\/div>\n\t\t\t\t\t<\/div>\n\t\t<\/section>\n\t\t\t\t<section class=\"elementor-section elementor-top-section elementor-element elementor-element-5a28418 elementor-section-boxed elementor-section-height-default elementor-section-height-default\" data-id=\"5a28418\" data-element_type=\"section\">\n\t\t\t\t\t\t<div class=\"elementor-container elementor-column-gap-default\">\n\t\t\t\t\t<div class=\"elementor-column elementor-col-25 elementor-top-column elementor-element elementor-element-267d10f\" data-id=\"267d10f\" data-element_type=\"column\" data-settings=\"{&quot;background_background&quot;:&quot;classic&quot;}\">\n\t\t\t<div class=\"elementor-widget-wrap elementor-element-populated\">\n\t\t\t\t\t\t<div class=\"elementor-element elementor-element-b2c1e5c elementor-widget elementor-widget-image\" data-id=\"b2c1e5c\" data-element_type=\"widget\" data-widget_type=\"image.default\">\n\t\t\t\t<div class=\"elementor-widget-container\">\n\t\t\t\t\t\t\t\t\t\t\t\t\t\t\t\t<a href=\"https:\/\/www.ekmd.de\/\">\n\t\t\t\t\t\t\t<img decoding=\"async\" src=\"https:\/\/www.loblied-und-abgesang.de\/wp-content\/uploads\/2018\/05\/logo-ev-kirche-1.png\" title=\"logo-ev-kirche\" alt=\"logo-ev-kirche\" loading=\"lazy\" \/>\t\t\t\t\t\t\t\t<\/a>\n\t\t\t\t\t\t\t\t\t\t\t\t\t\t\t<\/div>\n\t\t\t\t<\/div>\n\t\t\t\t\t<\/div>\n\t\t<\/div>\n\t\t\t\t<div class=\"elementor-column elementor-col-25 elementor-top-column elementor-element elementor-element-0bbd96b\" data-id=\"0bbd96b\" data-element_type=\"column\" data-settings=\"{&quot;background_background&quot;:&quot;classic&quot;}\">\n\t\t\t<div class=\"elementor-widget-wrap elementor-element-populated\">\n\t\t\t\t\t\t<div class=\"elementor-element elementor-element-7cad0d9 elementor-widget elementor-widget-image\" data-id=\"7cad0d9\" data-element_type=\"widget\" data-widget_type=\"image.default\">\n\t\t\t\t<div class=\"elementor-widget-container\">\n\t\t\t\t\t\t\t\t\t\t\t\t\t\t\t\t<a href=\"https:\/\/www.uni-erfurt.de\/uni\/portraet\/foerderer\/universitaetsgesellschaft\/\">\n\t\t\t\t\t\t\t<img decoding=\"async\" src=\"https:\/\/www.loblied-und-abgesang.de\/wp-content\/uploads\/2018\/05\/logo-erfurter-ug-1.png\" title=\"logo-erfurter-ug\" alt=\"logo-erfurter-ug\" loading=\"lazy\" \/>\t\t\t\t\t\t\t\t<\/a>\n\t\t\t\t\t\t\t\t\t\t\t\t\t\t\t<\/div>\n\t\t\t\t<\/div>\n\t\t\t\t\t<\/div>\n\t\t<\/div>\n\t\t\t\t<div class=\"elementor-column elementor-col-25 elementor-top-column elementor-element elementor-element-0f94c8b\" data-id=\"0f94c8b\" data-element_type=\"column\" data-settings=\"{&quot;background_background&quot;:&quot;classic&quot;}\">\n\t\t\t<div class=\"elementor-widget-wrap elementor-element-populated\">\n\t\t\t\t\t\t<div class=\"elementor-element elementor-element-4afbdec elementor-widget elementor-widget-image\" data-id=\"4afbdec\" data-element_type=\"widget\" data-widget_type=\"image.default\">\n\t\t\t\t<div class=\"elementor-widget-container\">\n\t\t\t\t\t\t\t\t\t\t\t\t\t\t\t\t<a href=\"https:\/\/engelsburg.club\/\">\n\t\t\t\t\t\t\t<img decoding=\"async\" src=\"https:\/\/www.loblied-und-abgesang.de\/wp-content\/uploads\/2018\/05\/logo-engelsburg-1.png\" title=\"logo-engelsburg\" alt=\"logo-engelsburg\" loading=\"lazy\" \/>\t\t\t\t\t\t\t\t<\/a>\n\t\t\t\t\t\t\t\t\t\t\t\t\t\t\t<\/div>\n\t\t\t\t<\/div>\n\t\t\t\t\t<\/div>\n\t\t<\/div>\n\t\t\t\t<div class=\"elementor-column elementor-col-25 elementor-top-column elementor-element elementor-element-84f5948\" data-id=\"84f5948\" data-element_type=\"column\" data-settings=\"{&quot;background_background&quot;:&quot;classic&quot;}\">\n\t\t\t<div class=\"elementor-widget-wrap elementor-element-populated\">\n\t\t\t\t\t\t<div class=\"elementor-element elementor-element-968250d elementor-widget elementor-widget-image\" data-id=\"968250d\" data-element_type=\"widget\" data-widget_type=\"image.default\">\n\t\t\t\t<div class=\"elementor-widget-container\">\n\t\t\t\t\t\t\t\t\t\t\t\t\t\t\t\t<a href=\"https:\/\/www.annakram.de\/\">\n\t\t\t\t\t\t\t<img decoding=\"async\" src=\"https:\/\/www.loblied-und-abgesang.de\/wp-content\/uploads\/2018\/05\/logo-annakram-1.png\" title=\"logo-annakram\" alt=\"logo-annakram\" loading=\"lazy\" \/>\t\t\t\t\t\t\t\t<\/a>\n\t\t\t\t\t\t\t\t\t\t\t\t\t\t\t<\/div>\n\t\t\t\t<\/div>\n\t\t\t\t\t<\/div>\n\t\t<\/div>\n\t\t\t\t\t<\/div>\n\t\t<\/section>\n\t\t\t\t<\/div>\n\t\t","protected":false},"excerpt":{"rendered":"<p>Herzlich Willkommen! Der Veranstalter Der Veranstalter Der F\u00f6rderverein Humanistenst\u00e4tte Engelsburg e.V. besteht seit 1994 und hatte zun\u00e4chst das satzungsgem\u00e4\u00dfe Ziel \u2013 F\u00f6rderung der Denkmalpflege: Mitwirkung bei der Erhaltung der Bau-substanz des denkmalgesch\u00fctzten Objektes \u201eHumanistenst\u00e4tte Engelsburg\u201c.Nach der Sanierung des Denkmals Engelsburg (Abschluss 2001) r\u00fcckte die inhaltliche Besch\u00e4ftigung mit der Geschichte der Humanisten um Eobanus Hessus in [&hellip;]<\/p>\n","protected":false},"author":1,"featured_media":0,"parent":0,"menu_order":0,"comment_status":"closed","ping_status":"closed","template":"page-templates\/page_fullwidth.php","meta":{"footnotes":""},"_links":{"self":[{"href":"https:\/\/www.loblied-und-abgesang.de\/index.php\/wp-json\/wp\/v2\/pages\/842"}],"collection":[{"href":"https:\/\/www.loblied-und-abgesang.de\/index.php\/wp-json\/wp\/v2\/pages"}],"about":[{"href":"https:\/\/www.loblied-und-abgesang.de\/index.php\/wp-json\/wp\/v2\/types\/page"}],"author":[{"embeddable":true,"href":"https:\/\/www.loblied-und-abgesang.de\/index.php\/wp-json\/wp\/v2\/users\/1"}],"replies":[{"embeddable":true,"href":"https:\/\/www.loblied-und-abgesang.de\/index.php\/wp-json\/wp\/v2\/comments?post=842"}],"version-history":[{"count":33,"href":"https:\/\/www.loblied-und-abgesang.de\/index.php\/wp-json\/wp\/v2\/pages\/842\/revisions"}],"predecessor-version":[{"id":1837,"href":"https:\/\/www.loblied-und-abgesang.de\/index.php\/wp-json\/wp\/v2\/pages\/842\/revisions\/1837"}],"wp:attachment":[{"href":"https:\/\/www.loblied-und-abgesang.de\/index.php\/wp-json\/wp\/v2\/media?parent=842"}],"curies":[{"name":"wp","href":"https:\/\/api.w.org\/{rel}","templated":true}]}}