{"id":1801,"date":"2019-05-27T19:32:27","date_gmt":"2019-05-27T17:32:27","guid":{"rendered":"http:\/\/www.loblied-und-abgesang.de\/?page_id=1801"},"modified":"2019-05-28T19:54:24","modified_gmt":"2019-05-28T17:54:24","slug":"das-werk-auf-cd","status":"publish","type":"page","link":"https:\/\/www.loblied-und-abgesang.de\/index.php\/das-werk-auf-cd\/","title":{"rendered":"Das Werk auf CD"},"content":{"rendered":"\t\t<div data-elementor-type=\"wp-post\" data-elementor-id=\"1801\" class=\"elementor elementor-1801\">\n\t\t\t\t\t\t<section class=\"elementor-section elementor-top-section elementor-element elementor-element-1a58e02 elementor-section-boxed elementor-section-height-default elementor-section-height-default\" data-id=\"1a58e02\" data-element_type=\"section\">\n\t\t\t\t\t\t<div class=\"elementor-container elementor-column-gap-default\">\n\t\t\t\t\t<div class=\"elementor-column elementor-col-33 elementor-top-column elementor-element elementor-element-2080a8a\" data-id=\"2080a8a\" data-element_type=\"column\">\n\t\t\t<div class=\"elementor-widget-wrap\">\n\t\t\t\t\t\t\t<\/div>\n\t\t<\/div>\n\t\t\t\t<div class=\"elementor-column elementor-col-33 elementor-top-column elementor-element elementor-element-2fd5eb2\" data-id=\"2fd5eb2\" data-element_type=\"column\">\n\t\t\t<div class=\"elementor-widget-wrap elementor-element-populated\">\n\t\t\t\t\t\t<div class=\"elementor-element elementor-element-38def8d elementor-widget elementor-widget-html\" data-id=\"38def8d\" data-element_type=\"widget\" data-widget_type=\"html.default\">\n\t\t\t\t<div class=\"elementor-widget-container\">\n\t\t\t\t\t  <div class=\"ebene-2-navi-link\"><a href=\"https:\/\/www.loblied-und-abgesang.de\/\">Herzlich Willkommen!<\/a><\/div>\n\n\t\t\t\t<\/div>\n\t\t\t\t<\/div>\n\t\t\t\t\t<\/div>\n\t\t<\/div>\n\t\t\t\t<div class=\"elementor-column elementor-col-33 elementor-top-column elementor-element elementor-element-c734722\" data-id=\"c734722\" data-element_type=\"column\">\n\t\t\t<div class=\"elementor-widget-wrap\">\n\t\t\t\t\t\t\t<\/div>\n\t\t<\/div>\n\t\t\t\t\t<\/div>\n\t\t<\/section>\n\t\t\t\t<section class=\"elementor-section elementor-top-section elementor-element elementor-element-ed5fe9e elementor-section-boxed elementor-section-height-default elementor-section-height-default\" data-id=\"ed5fe9e\" data-element_type=\"section\">\n\t\t\t\t\t\t<div class=\"elementor-container elementor-column-gap-default\">\n\t\t\t\t\t<div class=\"elementor-column elementor-col-100 elementor-top-column elementor-element elementor-element-862ba21\" data-id=\"862ba21\" data-element_type=\"column\">\n\t\t\t<div class=\"elementor-widget-wrap elementor-element-populated\">\n\t\t\t\t\t\t<div class=\"elementor-element elementor-element-c7d13c6 elementor-widget elementor-widget-html\" data-id=\"c7d13c6\" data-element_type=\"widget\" data-widget_type=\"html.default\">\n\t\t\t\t<div class=\"elementor-widget-container\">\n\t\t\t\t\t  <div class=\"ebene-2-titel\"><a href=\"http:\/\/www.loblied-und-abgesang.de\/index.php\/menue\/\">Das Werk auf CD<\/a><\/div>\t\t\t\t<\/div>\n\t\t\t\t<\/div>\n\t\t\t\t\t<\/div>\n\t\t<\/div>\n\t\t\t\t\t<\/div>\n\t\t<\/section>\n\t\t\t\t<section class=\"elementor-section elementor-top-section elementor-element elementor-element-224c646 elementor-section-boxed elementor-section-height-default elementor-section-height-default\" data-id=\"224c646\" data-element_type=\"section\">\n\t\t\t\t\t\t<div class=\"elementor-container elementor-column-gap-default\">\n\t\t\t\t\t<div class=\"elementor-column elementor-col-100 elementor-top-column elementor-element elementor-element-8ec7824\" data-id=\"8ec7824\" data-element_type=\"column\">\n\t\t\t<div class=\"elementor-widget-wrap elementor-element-populated\">\n\t\t\t\t\t\t<div class=\"elementor-element elementor-element-b0228b1 elementor-widget elementor-widget-text-editor\" data-id=\"b0228b1\" data-element_type=\"widget\" data-widget_type=\"text-editor.default\">\n\t\t\t\t<div class=\"elementor-widget-container\">\n\t\t\t\t\t\t\t\t\t<h2>Bestellen Sie jetzt:<\/h2>\t\t\t\t\t\t\t\t<\/div>\n\t\t\t\t<\/div>\n\t\t\t\t\t<\/div>\n\t\t<\/div>\n\t\t\t\t\t<\/div>\n\t\t<\/section>\n\t\t\t\t<section class=\"elementor-section elementor-top-section elementor-element elementor-element-9d66dfb elementor-section-boxed elementor-section-height-default elementor-section-height-default\" data-id=\"9d66dfb\" data-element_type=\"section\">\n\t\t\t\t\t\t<div class=\"elementor-container elementor-column-gap-default\">\n\t\t\t\t\t<div class=\"elementor-column elementor-col-50 elementor-top-column elementor-element elementor-element-8436f7b\" data-id=\"8436f7b\" data-element_type=\"column\">\n\t\t\t<div class=\"elementor-widget-wrap elementor-element-populated\">\n\t\t\t\t\t\t<div class=\"elementor-element elementor-element-0535d1f elementor-widget elementor-widget-text-editor\" data-id=\"0535d1f\" data-element_type=\"widget\" data-widget_type=\"text-editor.default\">\n\t\t\t\t<div class=\"elementor-widget-container\">\n\t\t\t\t\t\t\t\t\t<div>Endlich ist sie da: Die digitale Silberscheibe zur Urauff\u00fchrung des Oratoriums &#8222;Loblied &amp; Abgesang &#8211; Luther und die Humanisten&#8220; von Axel D. Wolf.<\/div><div>\u00a0<\/div><div>Sp\u00fcren Sie in ihren eigenen vier W\u00e4nden noch einmal nach, wie sich die Worte der Sprecher, die Instrumente der Solisten und des Orchesters mit den jungen Stimmen des Chors vermischen und zusammen mit dem Klangraum der Lutherkirche Erfurt ein einmaliges Ganzes bilden.<\/div><div>Es ist auch ein wunderbares Geschenk an Klassikfans.<\/div><div>\u00a0<\/div><div><strong>F\u00fcr nur 9,90 Euro<\/strong> (zzgl. 2 Euro Versandkosten) erhalten Sie das komplette St\u00fcck in professioneller Qualit\u00e4t zusammen mit einem 24-seitigen Booklet, welches den kompletten gesungenen und gesprochenen Text enth\u00e4lt &#8211; da k\u00f6nnen Sie sogar mitlesen!<\/div>\t\t\t\t\t\t\t\t<\/div>\n\t\t\t\t<\/div>\n\t\t\t\t\t<\/div>\n\t\t<\/div>\n\t\t\t\t<div class=\"elementor-column elementor-col-50 elementor-top-column elementor-element elementor-element-ece3609\" data-id=\"ece3609\" data-element_type=\"column\">\n\t\t\t<div class=\"elementor-widget-wrap elementor-element-populated\">\n\t\t\t\t\t\t<div class=\"elementor-element elementor-element-15ad3a9 elementor-widget elementor-widget-image-gallery\" data-id=\"15ad3a9\" data-element_type=\"widget\" data-widget_type=\"image-gallery.default\">\n\t\t\t\t<div class=\"elementor-widget-container\">\n\t\t\t\t\t\t\t<div class=\"elementor-image-gallery\">\n\t\t\t<div id='gallery-1' class='gallery galleryid-1801 gallery-columns-1 gallery-size-sydney-large-thumb'><figure class='gallery-item'>\n\t\t\t<div class='gallery-icon landscape'>\n\t\t\t\t<a data-elementor-open-lightbox=\"yes\" data-elementor-lightbox-slideshow=\"15ad3a9\" data-elementor-lightbox-title=\"_DSC7603\" data-e-action-hash=\"#elementor-action%3Aaction%3Dlightbox%26settings%3DeyJpZCI6MTgxMiwidXJsIjoiaHR0cHM6XC9cL3d3dy5sb2JsaWVkLXVuZC1hYmdlc2FuZy5kZVwvd3AtY29udGVudFwvdXBsb2Fkc1wvMjAxOVwvMDVcL0RTQzc2MDMuanBnIiwic2xpZGVzaG93IjoiMTVhZDNhOSJ9\" href='https:\/\/www.loblied-und-abgesang.de\/wp-content\/uploads\/2019\/05\/DSC7603.jpg'><img fetchpriority=\"high\" decoding=\"async\" width=\"830\" height=\"446\" src=\"https:\/\/www.loblied-und-abgesang.de\/wp-content\/uploads\/2019\/05\/DSC7603-830x446.jpg\" class=\"attachment-sydney-large-thumb size-sydney-large-thumb\" alt=\"\" srcset=\"https:\/\/www.loblied-und-abgesang.de\/wp-content\/uploads\/2019\/05\/DSC7603-830x446.jpg 830w, https:\/\/www.loblied-und-abgesang.de\/wp-content\/uploads\/2019\/05\/DSC7603-300x161.jpg 300w, https:\/\/www.loblied-und-abgesang.de\/wp-content\/uploads\/2019\/05\/DSC7603-768x413.jpg 768w, https:\/\/www.loblied-und-abgesang.de\/wp-content\/uploads\/2019\/05\/DSC7603-1024x550.jpg 1024w, https:\/\/www.loblied-und-abgesang.de\/wp-content\/uploads\/2019\/05\/DSC7603-230x124.jpg 230w, https:\/\/www.loblied-und-abgesang.de\/wp-content\/uploads\/2019\/05\/DSC7603-350x188.jpg 350w, https:\/\/www.loblied-und-abgesang.de\/wp-content\/uploads\/2019\/05\/DSC7603-480x258.jpg 480w, https:\/\/www.loblied-und-abgesang.de\/wp-content\/uploads\/2019\/05\/DSC7603.jpg 1200w\" sizes=\"(max-width: 830px) 100vw, 830px\" \/><\/a>\n\t\t\t<\/div><\/figure>\n\t\t<\/div>\n\t\t<\/div>\n\t\t\t\t\t\t<\/div>\n\t\t\t\t<\/div>\n\t\t\t\t<div class=\"elementor-element elementor-element-9926736 gallery-spacing-custom elementor-widget elementor-widget-image-gallery\" data-id=\"9926736\" data-element_type=\"widget\" data-widget_type=\"image-gallery.default\">\n\t\t\t\t<div class=\"elementor-widget-container\">\n\t\t\t\t\t\t\t<div class=\"elementor-image-gallery\">\n\t\t\t<div id='gallery-2' class='gallery galleryid-1801 gallery-columns-2 gallery-size-sydney-medium-thumb'><figure class='gallery-item'>\n\t\t\t<div class='gallery-icon landscape'>\n\t\t\t\t<a data-elementor-open-lightbox=\"yes\" data-elementor-lightbox-slideshow=\"9926736\" data-elementor-lightbox-title=\"_DSC7605\" data-e-action-hash=\"#elementor-action%3Aaction%3Dlightbox%26settings%3DeyJpZCI6MTgxMSwidXJsIjoiaHR0cHM6XC9cL3d3dy5sb2JsaWVkLXVuZC1hYmdlc2FuZy5kZVwvd3AtY29udGVudFwvdXBsb2Fkc1wvMjAxOVwvMDVcL0RTQzc2MDUuanBnIiwic2xpZGVzaG93IjoiOTkyNjczNiJ9\" href='https:\/\/www.loblied-und-abgesang.de\/wp-content\/uploads\/2019\/05\/DSC7605.jpg'><img decoding=\"async\" width=\"550\" height=\"400\" src=\"https:\/\/www.loblied-und-abgesang.de\/wp-content\/uploads\/2019\/05\/DSC7605-550x400.jpg\" class=\"attachment-sydney-medium-thumb size-sydney-medium-thumb\" alt=\"\" \/><\/a>\n\t\t\t<\/div><\/figure><figure class='gallery-item'>\n\t\t\t<div class='gallery-icon landscape'>\n\t\t\t\t<a data-elementor-open-lightbox=\"yes\" data-elementor-lightbox-slideshow=\"9926736\" data-elementor-lightbox-title=\"_DSC7606\" data-e-action-hash=\"#elementor-action%3Aaction%3Dlightbox%26settings%3DeyJpZCI6MTgxMCwidXJsIjoiaHR0cHM6XC9cL3d3dy5sb2JsaWVkLXVuZC1hYmdlc2FuZy5kZVwvd3AtY29udGVudFwvdXBsb2Fkc1wvMjAxOVwvMDVcL0RTQzc2MDYuanBnIiwic2xpZGVzaG93IjoiOTkyNjczNiJ9\" href='https:\/\/www.loblied-und-abgesang.de\/wp-content\/uploads\/2019\/05\/DSC7606.jpg'><img decoding=\"async\" width=\"550\" height=\"400\" src=\"https:\/\/www.loblied-und-abgesang.de\/wp-content\/uploads\/2019\/05\/DSC7606-550x400.jpg\" class=\"attachment-sydney-medium-thumb size-sydney-medium-thumb\" alt=\"\" \/><\/a>\n\t\t\t<\/div><\/figure>\n\t\t<\/div>\n\t\t<\/div>\n\t\t\t\t\t\t<\/div>\n\t\t\t\t<\/div>\n\t\t\t\t\t<\/div>\n\t\t<\/div>\n\t\t\t\t\t<\/div>\n\t\t<\/section>\n\t\t\t\t<section class=\"elementor-section elementor-top-section elementor-element elementor-element-299a49a elementor-section-boxed elementor-section-height-default elementor-section-height-default\" data-id=\"299a49a\" data-element_type=\"section\">\n\t\t\t\t\t\t<div class=\"elementor-container elementor-column-gap-default\">\n\t\t\t\t\t<div class=\"elementor-column elementor-col-25 elementor-top-column elementor-element elementor-element-6d9ec26\" data-id=\"6d9ec26\" data-element_type=\"column\">\n\t\t\t<div class=\"elementor-widget-wrap\">\n\t\t\t\t\t\t\t<\/div>\n\t\t<\/div>\n\t\t\t\t<div class=\"elementor-column elementor-col-50 elementor-top-column elementor-element elementor-element-13164b6\" data-id=\"13164b6\" data-element_type=\"column\">\n\t\t\t<div class=\"elementor-widget-wrap elementor-element-populated\">\n\t\t\t\t\t\t<div class=\"elementor-element elementor-element-fe78e8d elementor-widget elementor-widget-shortcode\" data-id=\"fe78e8d\" data-element_type=\"widget\" data-widget_type=\"shortcode.default\">\n\t\t\t\t<div class=\"elementor-widget-container\">\n\t\t\t\t\t\t\t<div class=\"elementor-shortcode\">\n<div class=\"wpcf7 no-js\" id=\"wpcf7-f1819-o1\" lang=\"de-DE\" dir=\"ltr\">\n<div class=\"screen-reader-response\"><p role=\"status\" aria-live=\"polite\" aria-atomic=\"true\"><\/p> <ul><\/ul><\/div>\n<form action=\"\/index.php\/wp-json\/wp\/v2\/pages\/1801#wpcf7-f1819-o1\" method=\"post\" class=\"wpcf7-form init\" aria-label=\"Kontaktformular\" novalidate=\"novalidate\" data-status=\"init\">\n<div style=\"display: none;\">\n<input type=\"hidden\" name=\"_wpcf7\" value=\"1819\" \/>\n<input type=\"hidden\" name=\"_wpcf7_version\" value=\"5.9.8\" \/>\n<input type=\"hidden\" name=\"_wpcf7_locale\" value=\"de_DE\" \/>\n<input type=\"hidden\" name=\"_wpcf7_unit_tag\" value=\"wpcf7-f1819-o1\" \/>\n<input type=\"hidden\" name=\"_wpcf7_container_post\" value=\"0\" \/>\n<input type=\"hidden\" name=\"_wpcf7_posted_data_hash\" value=\"\" \/>\n<\/div>\n<p><label>Name<br \/>\n<span class=\"wpcf7-form-control-wrap\" data-name=\"your-name\"><input size=\"40\" maxlength=\"400\" class=\"wpcf7-form-control wpcf7-text wpcf7-validates-as-required inputstyle\" aria-required=\"true\" aria-invalid=\"false\" placeholder=\"Ihr Name\" value=\"\" type=\"text\" name=\"your-name\" \/><\/span> <\/label>\n<\/p>\n<p><label>E-Mail-Adresse<\/label><br \/>\n<span class=\"wpcf7-form-control-wrap\" data-name=\"email\"><input size=\"40\" maxlength=\"400\" class=\"wpcf7-form-control wpcf7-email wpcf7-validates-as-required wpcf7-text wpcf7-validates-as-email inputstyle\" aria-required=\"true\" aria-invalid=\"false\" placeholder=\"Ihre Email-Adresse\" value=\"\" type=\"email\" name=\"email\" \/><\/span>\n<\/p>\n<p><label> Wieviele CDs m\u00f6chten Sie bestellen?<br \/>\n(Solange der Vorrat reicht!)<br \/>\n<span class=\"wpcf7-form-control-wrap\" data-name=\"anzahl\"><select class=\"wpcf7-form-control wpcf7-select wpcf7-validates-as-required\" aria-required=\"true\" aria-invalid=\"false\" name=\"anzahl\"><option value=\"1 CD f\u00fcr 9,90 \u20ac\">1 CD f\u00fcr 9,90 \u20ac<\/option><option value=\"2 CDs f\u00fcr 19,80 \u20ac\">2 CDs f\u00fcr 19,80 \u20ac<\/option><option value=\"3 CDs f\u00fcr 29,70 \u20ac\">3 CDs f\u00fcr 29,70 \u20ac<\/option><option value=\"4 CDs f\u00fcr 39,60 \u20ac\">4 CDs f\u00fcr 39,60 \u20ac<\/option><option value=\"5 CDs f\u00fcr 49,50 \u20ac\">5 CDs f\u00fcr 49,50 \u20ac<\/option><option value=\"6 CDs f\u00fcr 59,40 \u20ac\">6 CDs f\u00fcr 59,40 \u20ac<\/option><option value=\"7 CDs f\u00fcr 69,30 \u20ac\">7 CDs f\u00fcr 69,30 \u20ac<\/option><option value=\"8 CDs f\u00fcr 79,20 \u20ac\">8 CDs f\u00fcr 79,20 \u20ac<\/option><option value=\"9 CDs f\u00fcr 89,10 \u20ac\">9 CDs f\u00fcr 89,10 \u20ac<\/option><option value=\"10 CDs f\u00fcr 99,00 \u20ac\">10 CDs f\u00fcr 99,00 \u20ac<\/option><\/select><\/span><\/label>\n<\/p>\n<p><label> M\u00f6chten Sie uns noch etwas mitteilen?<br \/>\n<span class=\"wpcf7-form-control-wrap\" data-name=\"mitteilung\"><textarea cols=\"40\" rows=\"10\" maxlength=\"2000\" class=\"wpcf7-form-control wpcf7-textarea inputstyle\" aria-invalid=\"false\" placeholder=\"Ihre Nachricht an uns\" name=\"mitteilung\"><\/textarea><\/span><\/label>\n<\/p>\n<p><label> Einverst\u00e4ndniserkl\u00e4rung nach BDSG<br \/>\n<span class=\"wpcf7-form-control-wrap\" data-name=\"einverstanden\"><span class=\"wpcf7-form-control wpcf7-acceptance\"><span class=\"wpcf7-list-item\"><label><input type=\"checkbox\" name=\"einverstanden\" value=\"1\" class=\"red-checkbox\" aria-invalid=\"false\" \/><span class=\"wpcf7-list-item-label\">Ja, ich bin damit ein\u00adver\u00adstan\u00adden, dass meine Daten zum Zweck der Kon\u00adtakt\u00adauf\u00adnahme ver\u00adar\u00adbei\u00adtet und gespei\u00adchert wer\u00adden. Diese Ein\u00adwil\u00adli\u00adgung kann ich jeder\u00adzeit wide\u00adru\u00adfen.<\/span><\/label><\/span><\/span><\/span><\/label>\n<\/p>\n<p><input class=\"wpcf7-form-control wpcf7-submit has-spinner\" type=\"submit\" value=\"Senden\" \/>\n<\/p><div class=\"wpcf7-response-output\" aria-hidden=\"true\"><\/div>\n<\/form>\n<\/div>\n<\/div>\n\t\t\t\t\t\t<\/div>\n\t\t\t\t<\/div>\n\t\t\t\t\t<\/div>\n\t\t<\/div>\n\t\t\t\t<div class=\"elementor-column elementor-col-25 elementor-top-column elementor-element elementor-element-9340ae4\" data-id=\"9340ae4\" data-element_type=\"column\">\n\t\t\t<div class=\"elementor-widget-wrap\">\n\t\t\t\t\t\t\t<\/div>\n\t\t<\/div>\n\t\t\t\t\t<\/div>\n\t\t<\/section>\n\t\t\t\t<section class=\"elementor-section elementor-top-section elementor-element elementor-element-9e63e79 elementor-section-boxed elementor-section-height-default elementor-section-height-default\" data-id=\"9e63e79\" data-element_type=\"section\">\n\t\t\t\t\t\t<div class=\"elementor-container elementor-column-gap-default\">\n\t\t\t\t\t<div class=\"elementor-column elementor-col-100 elementor-top-column elementor-element elementor-element-c1f197c\" data-id=\"c1f197c\" data-element_type=\"column\">\n\t\t\t<div class=\"elementor-widget-wrap elementor-element-populated\">\n\t\t\t\t\t\t<div class=\"elementor-element elementor-element-52b1b90 elementor-widget elementor-widget-spacer\" data-id=\"52b1b90\" data-element_type=\"widget\" data-widget_type=\"spacer.default\">\n\t\t\t\t<div class=\"elementor-widget-container\">\n\t\t\t\t\t\t\t<div class=\"elementor-spacer\">\n\t\t\t<div class=\"elementor-spacer-inner\"><\/div>\n\t\t<\/div>\n\t\t\t\t\t\t<\/div>\n\t\t\t\t<\/div>\n\t\t\t\t\t<\/div>\n\t\t<\/div>\n\t\t\t\t\t<\/div>\n\t\t<\/section>\n\t\t\t\t<section class=\"elementor-section elementor-top-section elementor-element elementor-element-e2f5568 elementor-section-boxed elementor-section-height-default elementor-section-height-default\" data-id=\"e2f5568\" data-element_type=\"section\">\n\t\t\t\t\t\t<div class=\"elementor-container elementor-column-gap-default\">\n\t\t\t\t\t<div class=\"elementor-column elementor-col-33 elementor-top-column elementor-element elementor-element-5b3e86c\" data-id=\"5b3e86c\" data-element_type=\"column\">\n\t\t\t<div class=\"elementor-widget-wrap\">\n\t\t\t\t\t\t\t<\/div>\n\t\t<\/div>\n\t\t\t\t<div class=\"elementor-column elementor-col-33 elementor-top-column elementor-element elementor-element-aba7c99\" data-id=\"aba7c99\" data-element_type=\"column\">\n\t\t\t<div class=\"elementor-widget-wrap elementor-element-populated\">\n\t\t\t\t\t\t<div class=\"elementor-element elementor-element-3391733 elementor-widget elementor-widget-html\" data-id=\"3391733\" data-element_type=\"widget\" data-widget_type=\"html.default\">\n\t\t\t\t<div class=\"elementor-widget-container\">\n\t\t\t\t\t<div class=\"ebene-2-navi-link\"><a href=\"https:\/\/www.loblied-und-abgesang.de\/index.php\/die-schirmherrin\/\">\n    Die Schirmherrin\n<\/a><\/div>\n\n\t\t\t\t<\/div>\n\t\t\t\t<\/div>\n\t\t\t\t<div class=\"elementor-element elementor-element-72d5ed0 elementor-widget elementor-widget-html\" data-id=\"72d5ed0\" data-element_type=\"widget\" data-widget_type=\"html.default\">\n\t\t\t\t<div class=\"elementor-widget-container\">\n\t\t\t\t\t<div class=\"ebene-2-navi-link\"><a href=\"https:\/\/www.loblied-und-abgesang.de\/index.php\/das-werk\/\">\n  Das Werk\n<\/a><\/div>\n\t\t\t\t<\/div>\n\t\t\t\t<\/div>\n\t\t\t\t<div class=\"elementor-element elementor-element-625b95f elementor-widget elementor-widget-html\" data-id=\"625b95f\" data-element_type=\"widget\" data-widget_type=\"html.default\">\n\t\t\t\t<div class=\"elementor-widget-container\">\n\t\t\t\t\t<div class=\"ebene-2-navi-link\"><a href=\"https:\/\/www.loblied-und-abgesang.de\/index.php\/der-veranstalter\/\">\n  Der Veranstalter\n<\/a><\/div>\n\n\t\t\t\t<\/div>\n\t\t\t\t<\/div>\n\t\t\t\t<div class=\"elementor-element elementor-element-6fc2aaa elementor-widget elementor-widget-html\" data-id=\"6fc2aaa\" data-element_type=\"widget\" data-widget_type=\"html.default\">\n\t\t\t\t<div class=\"elementor-widget-container\">\n\t\t\t\t\t<div class=\"ebene-2-navi-link\"><a href=\"https:\/\/www.loblied-und-abgesang.de\/index.php\/der-komponist\/\">\n  Der Komponist\n<\/a><\/div>\n\n\t\t\t\t<\/div>\n\t\t\t\t<\/div>\n\t\t\t\t<div class=\"elementor-element elementor-element-0b079fb elementor-widget elementor-widget-html\" data-id=\"0b079fb\" data-element_type=\"widget\" data-widget_type=\"html.default\">\n\t\t\t\t<div class=\"elementor-widget-container\">\n\t\t\t\t\t<div class=\"ebene-2-navi-link\"><a href=\"https:\/\/www.loblied-und-abgesang.de\/index.php\/die-texter\/\">\n  Die Texter\n<\/a><\/div>\n\n\t\t\t\t<\/div>\n\t\t\t\t<\/div>\n\t\t\t\t<div class=\"elementor-element elementor-element-f89f042 elementor-widget elementor-widget-html\" data-id=\"f89f042\" data-element_type=\"widget\" data-widget_type=\"html.default\">\n\t\t\t\t<div class=\"elementor-widget-container\">\n\t\t\t\t\t<div class=\"ebene-2-navi-link\"><a href=\"https:\/\/www.loblied-und-abgesang.de\/index.php\/musikalische-gesamtleitung\/\">\n  Musikalische Leitung\n<\/a><\/div>\n\n\t\t\t\t<\/div>\n\t\t\t\t<\/div>\n\t\t\t\t<div class=\"elementor-element elementor-element-1579f62 elementor-widget elementor-widget-html\" data-id=\"1579f62\" data-element_type=\"widget\" data-widget_type=\"html.default\">\n\t\t\t\t<div class=\"elementor-widget-container\">\n\t\t\t\t\t<div class=\"ebene-2-navi-link\"><a href=\"https:\/\/www.loblied-und-abgesang.de\/index.php\/der-chor\/\">\n  Der Chor\n<\/a><\/div>\n\t\t\t\t<\/div>\n\t\t\t\t<\/div>\n\t\t\t\t<div class=\"elementor-element elementor-element-e339bdc elementor-widget elementor-widget-html\" data-id=\"e339bdc\" data-element_type=\"widget\" data-widget_type=\"html.default\">\n\t\t\t\t<div class=\"elementor-widget-container\">\n\t\t\t\t\t<div class=\"ebene-2-navi-link\"><a href=\"https:\/\/www.loblied-und-abgesang.de\/index.php\/das-orchester\/\">\n  Das Orchester\n<\/a><\/div>\n\n\t\t\t\t<\/div>\n\t\t\t\t<\/div>\n\t\t\t\t<div class=\"elementor-element elementor-element-fe5d70e elementor-widget elementor-widget-html\" data-id=\"fe5d70e\" data-element_type=\"widget\" data-widget_type=\"html.default\">\n\t\t\t\t<div class=\"elementor-widget-container\">\n\t\t\t\t\t<div class=\"ebene-2-navi-link\"><a href=\"https:\/\/www.loblied-und-abgesang.de\/index.php\/die-solisten\/\">\n  Die Solisten\n<\/a><\/div>\n\n\t\t\t\t<\/div>\n\t\t\t\t<\/div>\n\t\t\t\t<div class=\"elementor-element elementor-element-3e06143 elementor-widget elementor-widget-html\" data-id=\"3e06143\" data-element_type=\"widget\" data-widget_type=\"html.default\">\n\t\t\t\t<div class=\"elementor-widget-container\">\n\t\t\t\t\t<div class=\"ebene-2-navi-link\"><a href=\"https:\/\/www.loblied-und-abgesang.de\/index.php\/der-veranstaltungsort\/\">\n  Der Veranstaltungsort\n<\/a><\/div>\n\n\t\t\t\t<\/div>\n\t\t\t\t<\/div>\n\t\t\t\t\t<\/div>\n\t\t<\/div>\n\t\t\t\t<div class=\"elementor-column elementor-col-33 elementor-top-column elementor-element elementor-element-d20a331\" data-id=\"d20a331\" data-element_type=\"column\">\n\t\t\t<div class=\"elementor-widget-wrap\">\n\t\t\t\t\t\t\t<\/div>\n\t\t<\/div>\n\t\t\t\t\t<\/div>\n\t\t<\/section>\n\t\t\t\t<\/div>\n\t\t","protected":false},"excerpt":{"rendered":"<p>Herzlich Willkommen! Das Werk auf CD Bestellen Sie jetzt: Endlich ist sie da: Die digitale Silberscheibe zur Urauff\u00fchrung des Oratoriums &#8222;Loblied &amp; Abgesang &#8211; Luther und die Humanisten&#8220; von Axel D. Wolf.\u00a0Sp\u00fcren Sie in ihren eigenen vier W\u00e4nden noch einmal nach, wie sich die Worte der Sprecher, die Instrumente der Solisten und des Orchesters mit [&hellip;]<\/p>\n","protected":false},"author":1,"featured_media":0,"parent":0,"menu_order":0,"comment_status":"closed","ping_status":"closed","template":"elementor_header_footer","meta":{"footnotes":""},"_links":{"self":[{"href":"https:\/\/www.loblied-und-abgesang.de\/index.php\/wp-json\/wp\/v2\/pages\/1801"}],"collection":[{"href":"https:\/\/www.loblied-und-abgesang.de\/index.php\/wp-json\/wp\/v2\/pages"}],"about":[{"href":"https:\/\/www.loblied-und-abgesang.de\/index.php\/wp-json\/wp\/v2\/types\/page"}],"author":[{"embeddable":true,"href":"https:\/\/www.loblied-und-abgesang.de\/index.php\/wp-json\/wp\/v2\/users\/1"}],"replies":[{"embeddable":true,"href":"https:\/\/www.loblied-und-abgesang.de\/index.php\/wp-json\/wp\/v2\/comments?post=1801"}],"version-history":[{"count":14,"href":"https:\/\/www.loblied-und-abgesang.de\/index.php\/wp-json\/wp\/v2\/pages\/1801\/revisions"}],"predecessor-version":[{"id":1845,"href":"https:\/\/www.loblied-und-abgesang.de\/index.php\/wp-json\/wp\/v2\/pages\/1801\/revisions\/1845"}],"wp:attachment":[{"href":"https:\/\/www.loblied-und-abgesang.de\/index.php\/wp-json\/wp\/v2\/media?parent=1801"}],"curies":[{"name":"wp","href":"https:\/\/api.w.org\/{rel}","templated":true}]}}