{"id":726,"date":"2018-05-24T00:05:13","date_gmt":"2018-05-23T22:05:13","guid":{"rendered":"http:\/\/www.loblied-und-abgesang.de\/?page_id=726"},"modified":"2019-03-10T23:29:39","modified_gmt":"2019-03-10T22:29:39","slug":"datenschutzerklaerung","status":"publish","type":"page","link":"http:\/\/www.loblied-und-abgesang.de\/index.php\/datenschutzerklaerung\/","title":{"rendered":"Datenschutzerkl\u00e4rung"},"content":{"rendered":"\t\t<div data-elementor-type=\"wp-post\" data-elementor-id=\"726\" class=\"elementor elementor-726 elementor-bc-flex-widget\">\n\t\t\t\t\t\t<section class=\"elementor-section elementor-top-section elementor-element elementor-element-49f3c84 elementor-section-boxed elementor-section-height-default elementor-section-height-default\" data-id=\"49f3c84\" data-element_type=\"section\">\n\t\t\t\t\t\t<div class=\"elementor-container elementor-column-gap-default\">\n\t\t\t\t\t<div class=\"elementor-column elementor-col-33 elementor-top-column elementor-element elementor-element-2ce9180\" data-id=\"2ce9180\" data-element_type=\"column\">\n\t\t\t<div class=\"elementor-widget-wrap\">\n\t\t\t\t\t\t\t<\/div>\n\t\t<\/div>\n\t\t\t\t<div class=\"elementor-column elementor-col-33 elementor-top-column elementor-element elementor-element-8311521\" data-id=\"8311521\" data-element_type=\"column\">\n\t\t\t<div class=\"elementor-widget-wrap elementor-element-populated\">\n\t\t\t\t\t\t<div class=\"elementor-element elementor-element-53ea75e elementor-widget elementor-widget-html\" data-id=\"53ea75e\" data-element_type=\"widget\" data-widget_type=\"html.default\">\n\t\t\t\t<div class=\"elementor-widget-container\">\n\t\t\t\t\t  <div class=\"ebene-2-navi-link\"><a href=\"http:\/\/www.loblied-und-abgesang.de\/index.php\/menue\/\">Herzlich Willkommen!<\/a><\/div>\n\n\t\t\t\t<\/div>\n\t\t\t\t<\/div>\n\t\t\t\t\t<\/div>\n\t\t<\/div>\n\t\t\t\t<div class=\"elementor-column elementor-col-33 elementor-top-column elementor-element elementor-element-e146170\" data-id=\"e146170\" data-element_type=\"column\">\n\t\t\t<div class=\"elementor-widget-wrap\">\n\t\t\t\t\t\t\t<\/div>\n\t\t<\/div>\n\t\t\t\t\t<\/div>\n\t\t<\/section>\n\t\t\t\t<section class=\"elementor-section elementor-top-section elementor-element elementor-element-570182e elementor-section-boxed elementor-section-height-default elementor-section-height-default\" data-id=\"570182e\" data-element_type=\"section\">\n\t\t\t\t\t\t<div class=\"elementor-container elementor-column-gap-default\">\n\t\t\t\t\t<div class=\"elementor-column elementor-col-100 elementor-top-column elementor-element elementor-element-5057f3c\" data-id=\"5057f3c\" data-element_type=\"column\">\n\t\t\t<div class=\"elementor-widget-wrap elementor-element-populated\">\n\t\t\t\t\t\t<div class=\"elementor-element elementor-element-80ed7b7 elementor-widget elementor-widget-html\" data-id=\"80ed7b7\" data-element_type=\"widget\" data-widget_type=\"html.default\">\n\t\t\t\t<div class=\"elementor-widget-container\">\n\t\t\t\t\t  <div class=\"ebene-2-titel\"><a href=\"http:\/\/www.loblied-und-abgesang.de\/\">Datenschutzerkl\u00e4rung<\/a><\/div>\t\t\t\t<\/div>\n\t\t\t\t<\/div>\n\t\t\t\t\t<\/div>\n\t\t<\/div>\n\t\t\t\t\t<\/div>\n\t\t<\/section>\n\t\t\t\t<section class=\"elementor-section elementor-top-section elementor-element elementor-element-7bdd12a elementor-section-boxed elementor-section-height-default elementor-section-height-default\" data-id=\"7bdd12a\" data-element_type=\"section\">\n\t\t\t\t\t\t<div class=\"elementor-container elementor-column-gap-default\">\n\t\t\t\t\t<div class=\"elementor-column elementor-col-100 elementor-top-column elementor-element elementor-element-46fe9e0\" data-id=\"46fe9e0\" data-element_type=\"column\">\n\t\t\t<div class=\"elementor-widget-wrap elementor-element-populated\">\n\t\t\t\t\t\t<div class=\"elementor-element elementor-element-34c9146 elementor-widget elementor-widget-text-editor\" data-id=\"34c9146\" data-element_type=\"widget\" data-widget_type=\"text-editor.default\">\n\t\t\t\t<div class=\"elementor-widget-container\">\n\t\t\t\t\t\t\t\t\t<h2>Geltungsbereich<\/h2><p>Diese Datenschutzerkl\u00e4rung soll die Nutzer der Webseite www.loblied-und-abgesang.de gem\u00e4\u00df europ\u00e4ischer Datenschutz\u00adgrund\u00adverordnung (DSGVO) \u00fcber die Art, den Umfang und den Zweck der Erhebung und Verwendung personenbezogener Daten durch den Websitebetreiber<\/p><p><b>F\u00f6rderverein der Humanistenst\u00e4tte Engelsburg e. V.<\/b><br \/>Allerheiligenstra\u00dfe 20, 99089 Erfurt<\/p><p>informieren.<\/p><p>Der Websitebetreiber nimmt Ihren Datenschutz sehr ernst und behandelt Ihre personenbezogenen Daten vertraulich und entsprechend der gesetzlichen Vorschriften.<\/p><p>Bedenken Sie, dass die Daten\u00fcbertragung im Internet grunds\u00e4tzlich mit Sicherheitsl\u00fccken bedacht sein kann. Ein vollumf\u00e4nglicher Schutz vor dem Zugriff durch Fremde ist nicht realisierbar.<\/p><h2>Rechte des Nutzers: Auskunft, Berichtigung und L\u00f6schung<\/h2><p>Sie als Nutzer erhalten auf Antrag Ihrerseits kostenlose Auskunft dar\u00fcber, welche personenbezogenen Daten \u00fcber Sie gespeichert wurden. Sofern Ihr Wunsch nicht mit einer gesetzlichen Pflicht zur Aufbewahrung von Daten (z. B. Vorratsdatenspeicherung) kollidiert, haben Sie ein Anrecht auf Berichtigung falscher Daten und auf die Sperrung oder L\u00f6schung Ihrer personenbezogenen Daten.<\/p><h2>Umgang mit personenbezogenen Daten<\/h2><p>Der Websitebetreiber erhebt, nutzt und gibt Ihre personenbezogenen Daten nur dann weiter, wenn dies im gesetzlichen Rahmen erlaubt ist oder Sie in die Datenerhebung einwilligen. Als personenbezogene Daten gelten s\u00e4mtliche Informationen, welche dazu dienen, Ihre Person zu bestimmen und welche zu Ihnen zur\u00fcckverfolgt werden k\u00f6nnen \u2013 also beispielsweise Ihr Name, Ihre E-Mail-Adresse und Telefonnummer.<\/p><h2>Umgang mit Kontaktdaten<\/h2><p>Nehmen Sie mit dem Websitebetreiber durch die angebotenen Kontaktm\u00f6glichkeiten Verbindung auf, werden Ihre Angaben f\u00fcr einen Zeitraum von sechs Monaten gespeichert, damit auf diese zur Bearbeitung und Beantwortung Ihrer Anfrage und f\u00fcr den Fall von Anschlussfragen zur\u00fcckgegriffen werden kann. Ohne Ihre Einwilligung werden diese Daten nicht an Dritte weitergegeben.<\/p><h2>Zugriffsdaten<\/h2><p>Der Websitebetreiber bzw. Seitenprovider erhebt Daten \u00fcber Zugriffe auf die Seite und speichert diese als \u201eServer-Logfiles\u201c ab. Folgende Daten werden so protokolliert:<\/p><ul class=\"compact\"><li>Besuchte Website<\/li><li>Uhrzeit zum Zeitpunkt des Zugriffes<\/li><li>Menge der gesendeten Daten in Byte<\/li><li>Quelle\/Verweis, von welchem Sie auf die Seite gelangten<\/li><li>Verwendeter Browser<\/li><li>Verwendetes Betriebssystem<\/li><li>Verwendete IP-Adresse<\/li><\/ul><p>Die erhobenen Daten dienen lediglich statistischen Auswertungen und zur Verbesserung der Website. Der Websitebetreiber beh\u00e4lt sich allerdings vor, die Server-Logfiles nachtr\u00e4glich zu \u00fcberpr\u00fcfen, sollten konkrete Anhaltspunkte auf eine rechtswidrige Nutzung hinweisen.<\/p><h2>Cookies<\/h2><p>Cookies sind kleine Textdateien, in welchem unsere Webseite Informationen auf Ihrem Endger\u00e4t zwischenlagert, solange Sie unsere Webseite benutzen. Der Webbrowser sorgt daf\u00fcr, dass jede Webseite nur die eigenen Cookies lesen und schreiben kann, Sie als Benutzer jedoch haben jederzeit die M\u00f6glichkeit, in den Einstellungen des Webbrowsers alle abgelegten Cookies einzusehen oder zu l\u00f6schen.<\/p><p>\u00a0<\/p>\t\t\t\t\t\t\t\t<\/div>\n\t\t\t\t<\/div>\n\t\t\t\t\t<\/div>\n\t\t<\/div>\n\t\t\t\t\t<\/div>\n\t\t<\/section>\n\t\t\t\t<section class=\"elementor-section elementor-top-section elementor-element elementor-element-790811c elementor-section-boxed elementor-section-height-default elementor-section-height-default\" data-id=\"790811c\" data-element_type=\"section\">\n\t\t\t\t\t\t<div class=\"elementor-container elementor-column-gap-default\">\n\t\t\t\t\t<div class=\"elementor-column elementor-col-100 elementor-top-column elementor-element elementor-element-202a559\" data-id=\"202a559\" data-element_type=\"column\">\n\t\t\t<div class=\"elementor-widget-wrap elementor-element-populated\">\n\t\t\t\t\t\t<div class=\"elementor-element elementor-element-c196015 elementor-widget elementor-widget-spacer\" data-id=\"c196015\" data-element_type=\"widget\" data-widget_type=\"spacer.default\">\n\t\t\t\t<div class=\"elementor-widget-container\">\n\t\t\t\t\t\t\t<div class=\"elementor-spacer\">\n\t\t\t<div class=\"elementor-spacer-inner\"><\/div>\n\t\t<\/div>\n\t\t\t\t\t\t<\/div>\n\t\t\t\t<\/div>\n\t\t\t\t\t<\/div>\n\t\t<\/div>\n\t\t\t\t\t<\/div>\n\t\t<\/section>\n\t\t\t\t<section class=\"elementor-section elementor-top-section elementor-element elementor-element-395a5a8 elementor-section-boxed elementor-section-height-default elementor-section-height-default\" data-id=\"395a5a8\" data-element_type=\"section\">\n\t\t\t\t\t\t<div class=\"elementor-container elementor-column-gap-default\">\n\t\t\t\t\t<div class=\"elementor-column elementor-col-100 elementor-top-column elementor-element elementor-element-174ed1e\" data-id=\"174ed1e\" data-element_type=\"column\">\n\t\t\t<div class=\"elementor-widget-wrap elementor-element-populated\">\n\t\t\t\t\t\t<div class=\"elementor-element elementor-element-9987769 elementor-widget elementor-widget-spacer\" data-id=\"9987769\" data-element_type=\"widget\" data-widget_type=\"spacer.default\">\n\t\t\t\t<div class=\"elementor-widget-container\">\n\t\t\t\t\t\t\t<div class=\"elementor-spacer\">\n\t\t\t<div class=\"elementor-spacer-inner\"><\/div>\n\t\t<\/div>\n\t\t\t\t\t\t<\/div>\n\t\t\t\t<\/div>\n\t\t\t\t\t<\/div>\n\t\t<\/div>\n\t\t\t\t\t<\/div>\n\t\t<\/section>\n\t\t\t\t<section class=\"elementor-section elementor-top-section elementor-element elementor-element-6dddfbc elementor-section-boxed elementor-section-height-default elementor-section-height-default\" data-id=\"6dddfbc\" data-element_type=\"section\">\n\t\t\t\t\t\t<div class=\"elementor-container elementor-column-gap-default\">\n\t\t\t\t\t<div class=\"elementor-column elementor-col-25 elementor-top-column elementor-element elementor-element-50c53e8\" data-id=\"50c53e8\" data-element_type=\"column\" data-settings=\"{&quot;background_background&quot;:&quot;classic&quot;}\">\n\t\t\t<div class=\"elementor-widget-wrap elementor-element-populated\">\n\t\t\t\t\t\t<div class=\"elementor-element elementor-element-3dabd26 elementor-widget elementor-widget-image\" data-id=\"3dabd26\" data-element_type=\"widget\" data-widget_type=\"image.default\">\n\t\t\t\t<div class=\"elementor-widget-container\">\n\t\t\t\t\t\t\t\t\t\t\t\t\t\t\t\t<a href=\"https:\/\/www.thueringen.de\/th5\/tfm\/\">\n\t\t\t\t\t\t\t<img decoding=\"async\" src=\"http:\/\/www.loblied-und-abgesang.de\/wp-content\/uploads\/elementor\/thumbs\/logo-freistaat-1-qi86xr9cd8h4xjk6zzy2g20614ckkq2eaaglgohc74.png\" title=\"logo-freistaat\" alt=\"logo-freistaat\" loading=\"lazy\" \/>\t\t\t\t\t\t\t\t<\/a>\n\t\t\t\t\t\t\t\t\t\t\t\t\t\t\t<\/div>\n\t\t\t\t<\/div>\n\t\t\t\t\t<\/div>\n\t\t<\/div>\n\t\t\t\t<div class=\"elementor-column elementor-col-25 elementor-top-column elementor-element elementor-element-2889fac\" data-id=\"2889fac\" data-element_type=\"column\" data-settings=\"{&quot;background_background&quot;:&quot;classic&quot;}\">\n\t\t\t<div class=\"elementor-widget-wrap elementor-element-populated\">\n\t\t\t\t\t\t<div class=\"elementor-element elementor-element-9d40002 elementor-widget elementor-widget-image\" data-id=\"9d40002\" data-element_type=\"widget\" data-widget_type=\"image.default\">\n\t\t\t\t<div class=\"elementor-widget-container\">\n\t\t\t\t\t\t\t\t\t\t\t\t\t\t\t\t<a href=\"https:\/\/www.erfurt.de\/\">\n\t\t\t\t\t\t\t<img decoding=\"async\" src=\"http:\/\/www.loblied-und-abgesang.de\/wp-content\/uploads\/elementor\/thumbs\/logo-erfurt-1-qi86xnhzlwbzn3pnlybk62ybnkv3pxngxrunjkmww0.png\" title=\"logo-erfurt\" alt=\"logo-erfurt\" loading=\"lazy\" \/>\t\t\t\t\t\t\t\t<\/a>\n\t\t\t\t\t\t\t\t\t\t\t\t\t\t\t<\/div>\n\t\t\t\t<\/div>\n\t\t\t\t\t<\/div>\n\t\t<\/div>\n\t\t\t\t<div class=\"elementor-column elementor-col-25 elementor-top-column elementor-element elementor-element-4941f6d\" data-id=\"4941f6d\" data-element_type=\"column\" data-settings=\"{&quot;background_background&quot;:&quot;classic&quot;}\">\n\t\t\t<div class=\"elementor-widget-wrap elementor-element-populated\">\n\t\t\t\t\t\t<div class=\"elementor-element elementor-element-ba01aec elementor-widget elementor-widget-image\" data-id=\"ba01aec\" data-element_type=\"widget\" data-widget_type=\"image.default\">\n\t\t\t\t<div class=\"elementor-widget-container\">\n\t\t\t\t\t\t\t\t\t\t\t\t\t\t\t\t<a href=\"https:\/\/www.sparkassenstiftung-erfurt.de\/\">\n\t\t\t\t\t\t\t<img decoding=\"async\" src=\"http:\/\/www.loblied-und-abgesang.de\/wp-content\/uploads\/elementor\/thumbs\/logo-sparkassenstiftung-1-qi86xu2uxqkzwdg3jj5y5jajt9yo7tdlaof1wid5og.png\" title=\"logo-sparkassenstiftung\" alt=\"logo-sparkassenstiftung\" loading=\"lazy\" \/>\t\t\t\t\t\t\t\t<\/a>\n\t\t\t\t\t\t\t\t\t\t\t\t\t\t\t<\/div>\n\t\t\t\t<\/div>\n\t\t\t\t\t<\/div>\n\t\t<\/div>\n\t\t\t\t<div class=\"elementor-column elementor-col-25 elementor-top-column elementor-element elementor-element-fbb5765\" data-id=\"fbb5765\" data-element_type=\"column\" data-settings=\"{&quot;background_background&quot;:&quot;classic&quot;}\">\n\t\t\t<div class=\"elementor-widget-wrap elementor-element-populated\">\n\t\t\t\t\t\t<div class=\"elementor-element elementor-element-e2fe482 elementor-widget elementor-widget-image\" data-id=\"e2fe482\" data-element_type=\"widget\" data-widget_type=\"image.default\">\n\t\t\t\t<div class=\"elementor-widget-container\">\n\t\t\t\t\t\t\t\t\t\t\t\t\t\t\t\t<a href=\"https:\/\/www.thueringen-entdecken.de\/\">\n\t\t\t\t\t\t\t<img decoding=\"async\" src=\"http:\/\/www.loblied-und-abgesang.de\/wp-content\/uploads\/elementor\/thumbs\/logo-thueringen-entdecken-qi86xvyjbenkjldd8jz7aith01pen7l1yxq0v2adc0.png\" title=\"logo-thueringen-entdecken\" alt=\"logo-thueringen-entdecken\" loading=\"lazy\" \/>\t\t\t\t\t\t\t\t<\/a>\n\t\t\t\t\t\t\t\t\t\t\t\t\t\t\t<\/div>\n\t\t\t\t<\/div>\n\t\t\t\t\t<\/div>\n\t\t<\/div>\n\t\t\t\t\t<\/div>\n\t\t<\/section>\n\t\t\t\t<section class=\"elementor-section elementor-top-section elementor-element elementor-element-12e1425 elementor-section-boxed elementor-section-height-default elementor-section-height-default\" data-id=\"12e1425\" data-element_type=\"section\">\n\t\t\t\t\t\t<div class=\"elementor-container elementor-column-gap-default\">\n\t\t\t\t\t<div class=\"elementor-column elementor-col-25 elementor-top-column elementor-element elementor-element-38df655\" data-id=\"38df655\" data-element_type=\"column\" data-settings=\"{&quot;background_background&quot;:&quot;classic&quot;}\">\n\t\t\t<div class=\"elementor-widget-wrap elementor-element-populated\">\n\t\t\t\t\t\t<div class=\"elementor-element elementor-element-4d241ff elementor-widget elementor-widget-image\" data-id=\"4d241ff\" data-element_type=\"widget\" data-widget_type=\"image.default\">\n\t\t\t\t<div class=\"elementor-widget-container\">\n\t\t\t\t\t\t\t\t\t\t\t\t\t\t\t\t<a href=\"https:\/\/www.ekmd.de\/\">\n\t\t\t\t\t\t\t<img decoding=\"async\" src=\"http:\/\/www.loblied-und-abgesang.de\/wp-content\/uploads\/elementor\/thumbs\/logo-ev-kirche-1-qi86xpdnzkekabmxaz4tb2h8uclu5buxm15mi4k4jk.png\" title=\"logo-ev-kirche\" alt=\"logo-ev-kirche\" loading=\"lazy\" \/>\t\t\t\t\t\t\t\t<\/a>\n\t\t\t\t\t\t\t\t\t\t\t\t\t\t\t<\/div>\n\t\t\t\t<\/div>\n\t\t\t\t\t<\/div>\n\t\t<\/div>\n\t\t\t\t<div class=\"elementor-column elementor-col-25 elementor-top-column elementor-element elementor-element-c9a4ec2\" data-id=\"c9a4ec2\" data-element_type=\"column\" data-settings=\"{&quot;background_background&quot;:&quot;classic&quot;}\">\n\t\t\t<div class=\"elementor-widget-wrap elementor-element-populated\">\n\t\t\t\t\t\t<div class=\"elementor-element elementor-element-79d5b0e elementor-widget elementor-widget-image\" data-id=\"79d5b0e\" data-element_type=\"widget\" data-widget_type=\"image.default\">\n\t\t\t\t<div class=\"elementor-widget-container\">\n\t\t\t\t\t\t\t\t\t\t\t\t\t\t\t\t<a href=\"https:\/\/www.uni-erfurt.de\/uni\/portraet\/foerderer\/universitaetsgesellschaft\/\">\n\t\t\t\t\t\t\t<img decoding=\"async\" src=\"http:\/\/www.loblied-und-abgesang.de\/wp-content\/uploads\/elementor\/thumbs\/logo-erfurter-ug-1-qi86xoftsqd9ypoaggq6qkps8yqgxmr79wi50ulips.png\" title=\"logo-erfurter-ug\" alt=\"logo-erfurter-ug\" loading=\"lazy\" \/>\t\t\t\t\t\t\t\t<\/a>\n\t\t\t\t\t\t\t\t\t\t\t\t\t\t\t<\/div>\n\t\t\t\t<\/div>\n\t\t\t\t\t<\/div>\n\t\t<\/div>\n\t\t\t\t<div class=\"elementor-column elementor-col-25 elementor-top-column elementor-element elementor-element-925a801\" data-id=\"925a801\" data-element_type=\"column\" data-settings=\"{&quot;background_background&quot;:&quot;classic&quot;}\">\n\t\t\t<div class=\"elementor-widget-wrap elementor-element-populated\">\n\t\t\t\t\t\t<div class=\"elementor-element elementor-element-6c719ce elementor-widget elementor-widget-image\" data-id=\"6c719ce\" data-element_type=\"widget\" data-widget_type=\"image.default\">\n\t\t\t\t<div class=\"elementor-widget-container\">\n\t\t\t\t\t\t\t\t\t\t\t\t\t\t\t\t<a href=\"https:\/\/engelsburg.club\/\">\n\t\t\t\t\t\t\t<img decoding=\"async\" src=\"http:\/\/www.loblied-und-abgesang.de\/wp-content\/uploads\/elementor\/thumbs\/logo-engelsburg-1-qi86xmk5f2apbhr0rfwxll6v26zqi8jqln762aob28.png\" title=\"logo-engelsburg\" alt=\"logo-engelsburg\" loading=\"lazy\" \/>\t\t\t\t\t\t\t\t<\/a>\n\t\t\t\t\t\t\t\t\t\t\t\t\t\t\t<\/div>\n\t\t\t\t<\/div>\n\t\t\t\t\t<\/div>\n\t\t<\/div>\n\t\t\t\t<div class=\"elementor-column elementor-col-25 elementor-top-column elementor-element elementor-element-e5512e3\" data-id=\"e5512e3\" data-element_type=\"column\" data-settings=\"{&quot;background_background&quot;:&quot;classic&quot;}\">\n\t\t\t<div class=\"elementor-widget-wrap elementor-element-populated\">\n\t\t\t\t\t\t<div class=\"elementor-element elementor-element-eca2744 elementor-widget elementor-widget-image\" data-id=\"eca2744\" data-element_type=\"widget\" data-widget_type=\"image.default\">\n\t\t\t\t<div class=\"elementor-widget-container\">\n\t\t\t\t\t\t\t\t\t\t\t\t\t\t\t\t<a href=\"https:\/\/www.annakram.de\/\">\n\t\t\t\t\t\t\t<img decoding=\"async\" src=\"http:\/\/www.loblied-und-abgesang.de\/wp-content\/uploads\/elementor\/thumbs\/logo-annakram-1-qi86xlmb889ezvsdwxib13fegt4dajg09ijol0pp8g.png\" title=\"logo-annakram\" alt=\"logo-annakram\" loading=\"lazy\" \/>\t\t\t\t\t\t\t\t<\/a>\n\t\t\t\t\t\t\t\t\t\t\t\t\t\t\t<\/div>\n\t\t\t\t<\/div>\n\t\t\t\t\t<\/div>\n\t\t<\/div>\n\t\t\t\t\t<\/div>\n\t\t<\/section>\n\t\t\t\t<\/div>\n\t\t","protected":false},"excerpt":{"rendered":"<p>Herzlich Willkommen! Datenschutzerkl\u00e4rung Geltungsbereich Diese Datenschutzerkl\u00e4rung soll die Nutzer der Webseite www.loblied-und-abgesang.de gem\u00e4\u00df europ\u00e4ischer Datenschutz\u00adgrund\u00adverordnung (DSGVO) \u00fcber die Art, den Umfang und den Zweck der Erhebung und Verwendung personenbezogener Daten durch den Websitebetreiber F\u00f6rderverein der Humanistenst\u00e4tte Engelsburg e. V.Allerheiligenstra\u00dfe 20, 99089 Erfurt informieren. Der Websitebetreiber nimmt Ihren Datenschutz sehr ernst und behandelt Ihre personenbezogenen Daten [&hellip;]<\/p>\n","protected":false},"author":1,"featured_media":0,"parent":0,"menu_order":0,"comment_status":"closed","ping_status":"closed","template":"page-templates\/page_fullwidth.php","meta":{"footnotes":""},"_links":{"self":[{"href":"http:\/\/www.loblied-und-abgesang.de\/index.php\/wp-json\/wp\/v2\/pages\/726"}],"collection":[{"href":"http:\/\/www.loblied-und-abgesang.de\/index.php\/wp-json\/wp\/v2\/pages"}],"about":[{"href":"http:\/\/www.loblied-und-abgesang.de\/index.php\/wp-json\/wp\/v2\/types\/page"}],"author":[{"embeddable":true,"href":"http:\/\/www.loblied-und-abgesang.de\/index.php\/wp-json\/wp\/v2\/users\/1"}],"replies":[{"embeddable":true,"href":"http:\/\/www.loblied-und-abgesang.de\/index.php\/wp-json\/wp\/v2\/comments?post=726"}],"version-history":[{"count":17,"href":"http:\/\/www.loblied-und-abgesang.de\/index.php\/wp-json\/wp\/v2\/pages\/726\/revisions"}],"predecessor-version":[{"id":1750,"href":"http:\/\/www.loblied-und-abgesang.de\/index.php\/wp-json\/wp\/v2\/pages\/726\/revisions\/1750"}],"wp:attachment":[{"href":"http:\/\/www.loblied-und-abgesang.de\/index.php\/wp-json\/wp\/v2\/media?parent=726"}],"curies":[{"name":"wp","href":"https:\/\/api.w.org\/{rel}","templated":true}]}}